{"id":620,"date":"2019-10-17T21:30:44","date_gmt":"2019-10-17T20:30:44","guid":{"rendered":"https:\/\/www.brakeley.de\/?page_id=620"},"modified":"2025-05-20T09:25:20","modified_gmt":"2025-05-20T07:25:20","slug":"dr-konstantin-reetz-profile","status":"publish","type":"page","link":"https:\/\/www.brakeley.de\/en\/team\/dr-konstantin-reetz-profile\/","title":{"rendered":"Dr. Konstantin Reetz &#8211; Profile"},"content":{"rendered":"<div class=\"fusion-fullwidth fullwidth-box fusion-builder-row-1 nonhundred-percent-fullwidth non-hundred-percent-height-scrolling\" style=\"--awb-border-radius-top-left:0px;--awb-border-radius-top-right:0px;--awb-border-radius-bottom-right:0px;--awb-border-radius-bottom-left:0px;--awb-padding-top:40px;--awb-flex-wrap:wrap;\" ><div class=\"fusion-builder-row fusion-row\"><div class=\"fusion-layout-column fusion_builder_column fusion-builder-column-0 fusion_builder_column_1_3 1_3 fusion-one-third fusion-column-first\" style=\"--awb-bg-blend:overlay;--awb-bg-size:cover;width:33.333333333333%;width:calc(33.333333333333% - ( ( 4% ) * 0.33333333333333 ) );margin-right: 4%;\"><div class=\"fusion-column-wrapper fusion-column-has-shadow fusion-flex-column-wrapper-legacy\"><div class=\"fusion-person person fusion-person-left fusion-person-1 fusion-person-icon-top\" style=\"--awb-pic-style-color:#000000;--awb-pic-borderradius:0px;--awb-margin-top:0px;--awb-margin-right:0px;--awb-margin-bottom:0px;--awb-margin-left:0px;--awb-social-box-border-top:0px;--awb-social-box-border-right:0px;--awb-social-box-border-bottom:0px;--awb-social-box-border-left:0px;--awb-social-box-border-color:var(--awb-color3);--awb-social-box-border-color-hover:var(--awb-color4);--awb-social-box-colors-hover:rgba(232,232,232,0.8);--awb-social-icon-boxed-colors:#e8e8e8;--awb-social-icon-colors:#780404;--awb-social-icon-colors-hover:rgba(120,4,4,0.8);\"><div class=\"person-shortcode-image-wrapper\"><div class=\"person-image-container hover-type-none\" style=\"border:0px solid #f6f6f6;-webkit-border-radius:0px;-moz-border-radius:0px;border-radius:0px;\"><img decoding=\"async\" class=\"lazyload person-img img-responsive wp-image-1247\" width=\"1100\" height=\"733\" src=\"https:\/\/www.brakeley.de\/wp-content\/uploads\/2020\/11\/Konstantin-Reetz-web-neu.jpg\" data-orig-src=\"https:\/\/www.brakeley.de\/wp-content\/uploads\/2020\/11\/Konstantin-Reetz-web-neu.jpg\" alt=\"Dr. Konstantin Reetz\" srcset=\"data:image\/svg+xml,%3Csvg%20xmlns%3D%27http%3A%2F%2Fwww.w3.org%2F2000%2Fsvg%27%20width%3D%271100%27%20height%3D%27733%27%20viewBox%3D%270%200%201100%20733%27%3E%3Crect%20width%3D%271100%27%20height%3D%27733%27%20fill-opacity%3D%220%22%2F%3E%3C%2Fsvg%3E\" data-srcset=\"https:\/\/www.brakeley.de\/wp-content\/uploads\/2020\/11\/Konstantin-Reetz-web-neu-200x133.jpg 200w, https:\/\/www.brakeley.de\/wp-content\/uploads\/2020\/11\/Konstantin-Reetz-web-neu-400x267.jpg 400w, https:\/\/www.brakeley.de\/wp-content\/uploads\/2020\/11\/Konstantin-Reetz-web-neu-600x400.jpg 600w, https:\/\/www.brakeley.de\/wp-content\/uploads\/2020\/11\/Konstantin-Reetz-web-neu-800x533.jpg 800w, https:\/\/www.brakeley.de\/wp-content\/uploads\/2020\/11\/Konstantin-Reetz-web-neu.jpg 1100w\" data-sizes=\"auto\" data-orig-sizes=\"(max-width: 800px) 100vw, 400px\" \/><\/div><\/div><div class=\"person-desc\"><div class=\"person-author\"><div class=\"person-author-wrapper\"><span class=\"person-name\">Dr. Konstantin Reetz<\/span><span class=\"person-title\">Senior Advisor<\/span><\/div><\/div><div class=\"person-content fusion-clearfix\"><\/div><\/div><\/div><div class=\"fusion-clearfix\"><\/div><\/div><\/div><div class=\"fusion-layout-column fusion_builder_column fusion-builder-column-1 fusion_builder_column_2_3 2_3 fusion-two-third fusion-column-last\" style=\"--awb-bg-blend:overlay;--awb-bg-size:cover;width:66.666666666667%;width:calc(66.666666666667% - ( ( 4% ) * 0.66666666666667 ) );\"><div class=\"fusion-column-wrapper fusion-column-has-shadow fusion-flex-column-wrapper-legacy\"><div class=\"fusion-text fusion-text-1\"><p>Konstantin Reetz is shareholder of Brakeley GmbH and Senior Adviser for the German speaking region. Before joining Brakeley he was CEO of the Germany based fundraising consultancy \u201cGesellschaft f\u00fcr Strategisches Fundraising\u201d, which he founded with his partner Johannes Ruzicka in 2005. Prior to that Konstantin worked for over five years for the TUM-Tech GmbH where he helped building up the business units Technology Transfer and Fundraising and headed Fundraising thereafter. During that time he together with his team acquired and served clients like the Technische Universit\u00e4t M\u00fcnchen (4 years), the Technische Universit\u00e4t Graz, the Karl Franzens Universit\u00e4t Graz, the Hochschule f\u00fcr Philosophie and others. From 2005 till 2007 he was member of the University Board of the Universit\u00e4t Witten\/Herdecke and in charge of Development. With Technische Universit\u00e4t M\u00fcnchen (public) and the Universit\u00e4t Witten\/Herdecke (private) Konstantin served two out of three universities in Germany that have been awarded best practice within Germany.<\/p>\n<p>Throughout his career in fundraising, Konstantin always put a strong focus on major gift fundraising and the management of change that this form of fundraising requires within an organisation. Konstantin has been helping to setup and professionalize fundraising in further organisations such as Medizinische Universit\u00e4t Graz, Alanus Hochschule f\u00fcr Kunst und Gesellschaft, World Wide Fund For Nature (WWF), Goethe Institute, Technische Universit\u00e4t Berlin and others.<\/p>\n<p>Prior to becoming a fundraiser and fundraising consultant, Konstantin worked as a Senior Business Analyst for Roland Berger Strategy Consultants. Prior to this Konstantin completed his studies and doctoral dissertation in Molecular Biology at Technische Universit\u00e4t M\u00fcnchen.<\/p>\n<p>Konstantin is co-author of the third edition of the German fundraising standard \u201eFundraising \u2013 Handbuch f\u00fcr Grundlagen, Strategien und Instrumente\u201c.<\/p>\n<\/div><div class=\"fusion-clearfix\"><\/div><\/div><\/div><\/div><\/div>\n","protected":false},"excerpt":{"rendered":"","protected":false},"author":6,"featured_media":0,"parent":61,"menu_order":0,"comment_status":"closed","ping_status":"closed","template":"","meta":{"footnotes":""},"class_list":["post-620","page","type-page","status-publish","hentry"],"yoast_head":"<!-- This site is optimized with the Yoast SEO plugin v27.4 - https:\/\/yoast.com\/product\/yoast-seo-wordpress\/ -->\n<title>Dr. Konstantin Reetz - Profile - Brakeley GmbH<\/title>\n<meta name=\"robots\" content=\"index, follow, max-snippet:-1, max-image-preview:large, max-video-preview:-1\" \/>\n<link rel=\"canonical\" href=\"https:\/\/www.brakeley.de\/en\/team\/dr-konstantin-reetz-profile\/\" \/>\n<meta property=\"og:locale\" content=\"en_US\" \/>\n<meta property=\"og:type\" content=\"article\" \/>\n<meta property=\"og:title\" content=\"Dr. Konstantin Reetz - Profile - Brakeley GmbH\" \/>\n<meta property=\"og:url\" content=\"https:\/\/www.brakeley.de\/en\/team\/dr-konstantin-reetz-profile\/\" \/>\n<meta property=\"og:site_name\" content=\"Brakeley GmbH\" \/>\n<meta property=\"article:modified_time\" content=\"2025-05-20T07:25:20+00:00\" \/>\n<meta name=\"twitter:card\" content=\"summary_large_image\" \/>\n<meta name=\"twitter:label1\" content=\"Est. reading time\" \/>\n\t<meta name=\"twitter:data1\" content=\"2 minutes\" \/>\n<script type=\"application\/ld+json\" class=\"yoast-schema-graph\">{\"@context\":\"https:\\\/\\\/schema.org\",\"@graph\":[{\"@type\":\"WebPage\",\"@id\":\"https:\\\/\\\/www.brakeley.de\\\/en\\\/team\\\/dr-konstantin-reetz-profile\\\/\",\"url\":\"https:\\\/\\\/www.brakeley.de\\\/en\\\/team\\\/dr-konstantin-reetz-profile\\\/\",\"name\":\"Dr. Konstantin Reetz - Profile - Brakeley GmbH\",\"isPartOf\":{\"@id\":\"https:\\\/\\\/www.brakeley.de\\\/#website\"},\"datePublished\":\"2019-10-17T20:30:44+00:00\",\"dateModified\":\"2025-05-20T07:25:20+00:00\",\"breadcrumb\":{\"@id\":\"https:\\\/\\\/www.brakeley.de\\\/en\\\/team\\\/dr-konstantin-reetz-profile\\\/#breadcrumb\"},\"inLanguage\":\"en-US\",\"potentialAction\":[{\"@type\":\"ReadAction\",\"target\":[\"https:\\\/\\\/www.brakeley.de\\\/en\\\/team\\\/dr-konstantin-reetz-profile\\\/\"]}]},{\"@type\":\"BreadcrumbList\",\"@id\":\"https:\\\/\\\/www.brakeley.de\\\/en\\\/team\\\/dr-konstantin-reetz-profile\\\/#breadcrumb\",\"itemListElement\":[{\"@type\":\"ListItem\",\"position\":1,\"name\":\"Home\",\"item\":\"https:\\\/\\\/www.brakeley.de\\\/en\\\/\"},{\"@type\":\"ListItem\",\"position\":2,\"name\":\"Team\",\"item\":\"https:\\\/\\\/www.brakeley.de\\\/en\\\/team\\\/\"},{\"@type\":\"ListItem\",\"position\":3,\"name\":\"Dr. Konstantin Reetz &#8211; Profile\"}]},{\"@type\":\"WebSite\",\"@id\":\"https:\\\/\\\/www.brakeley.de\\\/#website\",\"url\":\"https:\\\/\\\/www.brakeley.de\\\/\",\"name\":\"Brakeley GmbH\",\"description\":\"Fundraising and external relations\",\"potentialAction\":[{\"@type\":\"SearchAction\",\"target\":{\"@type\":\"EntryPoint\",\"urlTemplate\":\"https:\\\/\\\/www.brakeley.de\\\/?s={search_term_string}\"},\"query-input\":{\"@type\":\"PropertyValueSpecification\",\"valueRequired\":true,\"valueName\":\"search_term_string\"}}],\"inLanguage\":\"en-US\"}]}<\/script>\n<!-- \/ Yoast SEO plugin. -->","yoast_head_json":{"title":"Dr. Konstantin Reetz - Profile - Brakeley GmbH","robots":{"index":"index","follow":"follow","max-snippet":"max-snippet:-1","max-image-preview":"max-image-preview:large","max-video-preview":"max-video-preview:-1"},"canonical":"https:\/\/www.brakeley.de\/en\/team\/dr-konstantin-reetz-profile\/","og_locale":"en_US","og_type":"article","og_title":"Dr. Konstantin Reetz - Profile - Brakeley GmbH","og_url":"https:\/\/www.brakeley.de\/en\/team\/dr-konstantin-reetz-profile\/","og_site_name":"Brakeley GmbH","article_modified_time":"2025-05-20T07:25:20+00:00","twitter_card":"summary_large_image","twitter_misc":{"Est. reading time":"2 minutes"},"schema":{"@context":"https:\/\/schema.org","@graph":[{"@type":"WebPage","@id":"https:\/\/www.brakeley.de\/en\/team\/dr-konstantin-reetz-profile\/","url":"https:\/\/www.brakeley.de\/en\/team\/dr-konstantin-reetz-profile\/","name":"Dr. Konstantin Reetz - Profile - Brakeley GmbH","isPartOf":{"@id":"https:\/\/www.brakeley.de\/#website"},"datePublished":"2019-10-17T20:30:44+00:00","dateModified":"2025-05-20T07:25:20+00:00","breadcrumb":{"@id":"https:\/\/www.brakeley.de\/en\/team\/dr-konstantin-reetz-profile\/#breadcrumb"},"inLanguage":"en-US","potentialAction":[{"@type":"ReadAction","target":["https:\/\/www.brakeley.de\/en\/team\/dr-konstantin-reetz-profile\/"]}]},{"@type":"BreadcrumbList","@id":"https:\/\/www.brakeley.de\/en\/team\/dr-konstantin-reetz-profile\/#breadcrumb","itemListElement":[{"@type":"ListItem","position":1,"name":"Home","item":"https:\/\/www.brakeley.de\/en\/"},{"@type":"ListItem","position":2,"name":"Team","item":"https:\/\/www.brakeley.de\/en\/team\/"},{"@type":"ListItem","position":3,"name":"Dr. Konstantin Reetz &#8211; Profile"}]},{"@type":"WebSite","@id":"https:\/\/www.brakeley.de\/#website","url":"https:\/\/www.brakeley.de\/","name":"Brakeley GmbH","description":"Fundraising and external relations","potentialAction":[{"@type":"SearchAction","target":{"@type":"EntryPoint","urlTemplate":"https:\/\/www.brakeley.de\/?s={search_term_string}"},"query-input":{"@type":"PropertyValueSpecification","valueRequired":true,"valueName":"search_term_string"}}],"inLanguage":"en-US"}]}},"_links":{"self":[{"href":"https:\/\/www.brakeley.de\/en\/wp-json\/wp\/v2\/pages\/620","targetHints":{"allow":["GET"]}}],"collection":[{"href":"https:\/\/www.brakeley.de\/en\/wp-json\/wp\/v2\/pages"}],"about":[{"href":"https:\/\/www.brakeley.de\/en\/wp-json\/wp\/v2\/types\/page"}],"author":[{"embeddable":true,"href":"https:\/\/www.brakeley.de\/en\/wp-json\/wp\/v2\/users\/6"}],"replies":[{"embeddable":true,"href":"https:\/\/www.brakeley.de\/en\/wp-json\/wp\/v2\/comments?post=620"}],"version-history":[{"count":9,"href":"https:\/\/www.brakeley.de\/en\/wp-json\/wp\/v2\/pages\/620\/revisions"}],"predecessor-version":[{"id":3783,"href":"https:\/\/www.brakeley.de\/en\/wp-json\/wp\/v2\/pages\/620\/revisions\/3783"}],"up":[{"embeddable":true,"href":"https:\/\/www.brakeley.de\/en\/wp-json\/wp\/v2\/pages\/61"}],"wp:attachment":[{"href":"https:\/\/www.brakeley.de\/en\/wp-json\/wp\/v2\/media?parent=620"}],"curies":[{"name":"wp","href":"https:\/\/api.w.org\/{rel}","templated":true}]}}